{"id":50949,"date":"2026-05-12T14:40:59","date_gmt":"2026-05-12T12:40:59","guid":{"rendered":"https:\/\/ugopoggifirenze.it\/?post_type=product&#038;p=50949"},"modified":"2026-05-12T14:41:01","modified_gmt":"2026-05-12T12:41:01","slug":"lista-nozze-bicchiere-bibita-torchon-rosa","status":"publish","type":"product","link":"https:\/\/ugopoggifirenze.it\/en\/prodotto\/lista-nozze-bicchiere-bibita-torchon-rosa\/","title":{"rendered":"Lista Nozze | Bicchiere Bibita Torchon Rosa"},"content":{"rendered":"<p>Trasformate un gesto quotidiano in un&#8217;esperienza unica, con un bicchiere frutto della sapiente lavorazione delle mani artigiane di Murano. Un prodotto Made In Italy dove la diversit\u00e0 di ogni pezzo \u00e8 da considerarsi valore aggiunto, simbolo dell&#8217;unicit\u00e0 e dell&#8217;autenticit\u00e0 del prodotto.<\/p>\n","protected":false},"excerpt":{"rendered":"<p>Una nuova esperienza di degustazione, sonorit\u00e0 inconfondibili, risultato del connubio tra la qualit\u00e0 artigiana che solo la storica produzione del fatto a mano a Murano sa donare .<\/p>\n","protected":false},"featured_media":50329,"template":"","meta":[],"product_brand":[1556],"product_cat":[3682],"product_tag":[],"class_list":{"0":"post-50949","1":"product","2":"type-product","3":"status-publish","4":"has-post-thumbnail","6":"product_brand-ugo-poggi","7":"product_cat-alessandro-maria-vittoria","8":"product_shipping_class-free-lista-nozze","9":"pa_brand-ugo-poggi","10":"pa_colore-turchese","11":"pa_dimensione-h15cm-x-d-65cm","12":"pa_materiale-vetro-di-murano","14":"first","15":"instock","16":"purchasable","17":"product-type-simple"},"_links":{"self":[{"href":"https:\/\/ugopoggifirenze.it\/en\/wp-json\/wp\/v2\/product\/50949","targetHints":{"allow":["GET"]}}],"collection":[{"href":"https:\/\/ugopoggifirenze.it\/en\/wp-json\/wp\/v2\/product"}],"about":[{"href":"https:\/\/ugopoggifirenze.it\/en\/wp-json\/wp\/v2\/types\/product"}],"version-history":[{"count":0,"href":"https:\/\/ugopoggifirenze.it\/en\/wp-json\/wp\/v2\/product\/50949\/revisions"}],"wp:featuredmedia":[{"embeddable":true,"href":"https:\/\/ugopoggifirenze.it\/en\/wp-json\/wp\/v2\/media\/50329"}],"wp:attachment":[{"href":"https:\/\/ugopoggifirenze.it\/en\/wp-json\/wp\/v2\/media?parent=50949"}],"wp:term":[{"taxonomy":"product_brand","embeddable":true,"href":"https:\/\/ugopoggifirenze.it\/en\/wp-json\/wp\/v2\/product_brand?post=50949"},{"taxonomy":"product_cat","embeddable":true,"href":"https:\/\/ugopoggifirenze.it\/en\/wp-json\/wp\/v2\/product_cat?post=50949"},{"taxonomy":"product_tag","embeddable":true,"href":"https:\/\/ugopoggifirenze.it\/en\/wp-json\/wp\/v2\/product_tag?post=50949"}],"curies":[{"name":"wp","href":"https:\/\/api.w.org\/{rel}","templated":true}]}}